{"id":2142,"date":"2023-11-16T04:26:16","date_gmt":"2023-11-16T04:26:16","guid":{"rendered":"https:\/\/kineticsips.com\/?page_id=2142"},"modified":"2024-12-05T21:52:43","modified_gmt":"2024-12-05T21:52:43","slug":"agenda-tu-cita","status":"publish","type":"page","link":"https:\/\/kineticsips.com\/index.php\/agenda-tu-cita\/","title":{"rendered":"\u00a1Agenda tu cita!"},"content":{"rendered":"\t\t<div data-elementor-type=\"wp-page\" data-elementor-id=\"2142\" class=\"elementor elementor-2142\">\n\t\t\t\t<div class=\"elementor-element elementor-element-041f97b e-flex e-con-boxed e-con e-parent\" data-id=\"041f97b\" data-element_type=\"container\">\n\t\t\t\t\t<div class=\"e-con-inner\">\n\t\t\t\t<div class=\"elementor-element elementor-element-2124f67 elementor-widget elementor-widget-heading\" data-id=\"2124f67\" data-element_type=\"widget\" data-widget_type=\"heading.default\">\n\t\t\t\t<div class=\"elementor-widget-container\">\n\t\t\t\t\t<h2 class=\"elementor-heading-title elementor-size-default\">Bienvenido al agendamiento de citas de Kinetics.<\/h2>\t\t\t\t<\/div>\n\t\t\t\t<\/div>\n\t\t\t\t\t<\/div>\n\t\t\t\t<\/div>\n\t\t<div class=\"elementor-element elementor-element-4d2796d e-flex e-con-boxed e-con e-parent\" data-id=\"4d2796d\" data-element_type=\"container\">\n\t\t\t\t\t<div class=\"e-con-inner\">\n\t\t\t\t<div class=\"elementor-element elementor-element-6d3e180 elementor-widget elementor-widget-text-editor\" data-id=\"6d3e180\" data-element_type=\"widget\" data-widget_type=\"text-editor.default\">\n\t\t\t\t<div class=\"elementor-widget-container\">\n\t\t\t\t\t\t\t\t\t<p>A continuaci\u00f3n encontrar\u00e1s el formulario de agendamiento de citas de Kinetics. Escoge el servicio que deseas, selecciona al profesional que te atender\u00e1 y llena tus datos personales para continuar con el pago online de tu sesi\u00f3n. Utilizamos la pasarela de pagos de Mercado Pago, la cual acepta tarjeta de cr\u00e9dito, d\u00e9bito y efectivo.<\/p>\n<p>\u00a1Esperamos verte pronto!<\/p>\t\t\t\t\t\t\t\t<\/div>\n\t\t\t\t<\/div>\n\t\t\t\t\t<\/div>\n\t\t\t\t<\/div>\n\t\t<div class=\"elementor-element elementor-element-0cd6510 e-flex e-con-boxed e-con e-parent\" data-id=\"0cd6510\" data-element_type=\"container\">\n\t\t\t\t\t<div class=\"e-con-inner\">\n\t\t\t\t<div class=\"elementor-element elementor-element-21fbf0a elementor-widget elementor-widget-shortcode\" data-id=\"21fbf0a\" data-element_type=\"widget\" data-widget_type=\"shortcode.default\">\n\t\t\t\t<div class=\"elementor-widget-container\">\n\t\t\t\t\t\t\t<div class=\"elementor-shortcode\"><iframe style=\"overflow: hidden; border-radius: 10px; margin-bottom: 20px;\" src=\"https:\/\/agendamiento.reservo.cl\/makereserva\/agenda\/50FLnuD0H0VVZG3f5c97ajh51304Nl\" width=\"100%\" height=\"600\" frameborder=\"0\"><\/iframe><a href=\"https:\/\/www.reservo.cl\">Powered by Reservo<\/a>\n\n\n\n<\/div>\n\t\t\t\t\t\t<\/div>\n\t\t\t\t<\/div>\n\t\t\t\t\t<\/div>\n\t\t\t\t<\/div>\n\t\t<div class=\"elementor-element elementor-element-de5dabb e-flex e-con-boxed e-con e-parent\" data-id=\"de5dabb\" data-element_type=\"container\">\n\t\t\t\t\t<div class=\"e-con-inner\">\n\t\t\t\t<div class=\"elementor-element elementor-element-e56ea02 elementor-shape-rounded elementor-grid-0 e-grid-align-center elementor-widget elementor-widget-social-icons\" data-id=\"e56ea02\" data-element_type=\"widget\" data-widget_type=\"social-icons.default\">\n\t\t\t\t<div class=\"elementor-widget-container\">\n\t\t\t\t\t\t\t<div class=\"elementor-social-icons-wrapper elementor-grid\">\n\t\t\t\t\t\t\t<span class=\"elementor-grid-item\">\n\t\t\t\t\t<a class=\"elementor-icon elementor-social-icon elementor-social-icon-facebook elementor-repeater-item-cee1e7e\" href=\"https:\/\/web.facebook.com\/profile.php?id=100092536845384\" target=\"_blank\">\n\t\t\t\t\t\t<span class=\"elementor-screen-only\">Facebook<\/span>\n\t\t\t\t\t\t<i class=\"fab fa-facebook\"><\/i>\t\t\t\t\t<\/a>\n\t\t\t\t<\/span>\n\t\t\t\t\t\t\t<span class=\"elementor-grid-item\">\n\t\t\t\t\t<a class=\"elementor-icon elementor-social-icon elementor-social-icon-instagram elementor-repeater-item-2a906a2\" href=\"https:\/\/www.instagram.com\/kinetics_ips\/?hl=es\" target=\"_blank\">\n\t\t\t\t\t\t<span class=\"elementor-screen-only\">Instagram<\/span>\n\t\t\t\t\t\t<i class=\"fab fa-instagram\"><\/i>\t\t\t\t\t<\/a>\n\t\t\t\t<\/span>\n\t\t\t\t\t\t\t<span class=\"elementor-grid-item\">\n\t\t\t\t\t<a class=\"elementor-icon elementor-social-icon elementor-social-icon-whatsapp elementor-repeater-item-39b97b6\" href=\"http:\/\/wa.link\/2a7sp9\" target=\"_blank\">\n\t\t\t\t\t\t<span class=\"elementor-screen-only\">Whatsapp<\/span>\n\t\t\t\t\t\t<i class=\"fab fa-whatsapp\"><\/i>\t\t\t\t\t<\/a>\n\t\t\t\t<\/span>\n\t\t\t\t\t<\/div>\n\t\t\t\t\t\t<\/div>\n\t\t\t\t<\/div>\n\t\t\t\t\t<\/div>\n\t\t\t\t<\/div>\n\t\t\t\t<\/div>\n\t\t","protected":false},"excerpt":{"rendered":"<p>Bienvenido al agendamiento de citas de Kinetics. A continuaci\u00f3n encontrar\u00e1s el formulario de agendamiento de citas de Kinetics. Escoge el servicio que deseas, selecciona al profesional que te atender\u00e1 y llena tus datos personales para continuar con el pago online de tu sesi\u00f3n. Utilizamos la pasarela de pagos de Mercado Pago, la cual acepta tarjeta&#8230;<\/p>\n","protected":false},"author":1,"featured_media":0,"parent":0,"menu_order":0,"comment_status":"closed","ping_status":"closed","template":"","meta":{"_kadence_starter_templates_imported_post":false,"_kad_post_transparent":"","_kad_post_title":"","_kad_post_layout":"","_kad_post_sidebar_id":"","_kad_post_content_style":"","_kad_post_vertical_padding":"","_kad_post_feature":"","_kad_post_feature_position":"","_kad_post_header":false,"_kad_post_footer":false,"footnotes":""},"_links":{"self":[{"href":"https:\/\/kineticsips.com\/index.php\/wp-json\/wp\/v2\/pages\/2142"}],"collection":[{"href":"https:\/\/kineticsips.com\/index.php\/wp-json\/wp\/v2\/pages"}],"about":[{"href":"https:\/\/kineticsips.com\/index.php\/wp-json\/wp\/v2\/types\/page"}],"author":[{"embeddable":true,"href":"https:\/\/kineticsips.com\/index.php\/wp-json\/wp\/v2\/users\/1"}],"replies":[{"embeddable":true,"href":"https:\/\/kineticsips.com\/index.php\/wp-json\/wp\/v2\/comments?post=2142"}],"version-history":[{"count":31,"href":"https:\/\/kineticsips.com\/index.php\/wp-json\/wp\/v2\/pages\/2142\/revisions"}],"predecessor-version":[{"id":2564,"href":"https:\/\/kineticsips.com\/index.php\/wp-json\/wp\/v2\/pages\/2142\/revisions\/2564"}],"wp:attachment":[{"href":"https:\/\/kineticsips.com\/index.php\/wp-json\/wp\/v2\/media?parent=2142"}],"curies":[{"name":"wp","href":"https:\/\/api.w.org\/{rel}","templated":true}]}}