{"id":2629,"date":"2025-03-27T18:41:05","date_gmt":"2025-03-27T18:41:05","guid":{"rendered":"https:\/\/kineticsips.com\/?page_id=2629"},"modified":"2025-03-27T21:40:30","modified_gmt":"2025-03-27T21:40:30","slug":"quienessomos","status":"publish","type":"page","link":"https:\/\/kineticsips.com\/index.php\/quienessomos\/","title":{"rendered":"\u00bfQuienes somos?"},"content":{"rendered":"\t\t<div data-elementor-type=\"wp-page\" data-elementor-id=\"2629\" class=\"elementor elementor-2629\">\n\t\t\t\t<div class=\"elementor-element elementor-element-a921902 e-flex e-con-boxed e-con e-parent\" data-id=\"a921902\" data-element_type=\"container\">\n\t\t\t\t\t<div class=\"e-con-inner\">\n\t\t\t\t\t<\/div>\n\t\t\t\t<\/div>\n\t\t<div class=\"elementor-element elementor-element-38e2822 e-flex e-con-boxed e-con e-parent\" data-id=\"38e2822\" data-element_type=\"container\">\n\t\t\t\t\t<div class=\"e-con-inner\">\n\t\t\t\t\t<\/div>\n\t\t\t\t<\/div>\n\t\t<div class=\"elementor-element elementor-element-779ca7c e-flex e-con-boxed e-con e-parent\" data-id=\"779ca7c\" data-element_type=\"container\">\n\t\t\t\t\t<div class=\"e-con-inner\">\n\t\t\t\t<div class=\"elementor-element elementor-element-6f3e509 elementor-widget elementor-widget-spacer\" data-id=\"6f3e509\" data-element_type=\"widget\" data-widget_type=\"spacer.default\">\n\t\t\t\t<div class=\"elementor-widget-container\">\n\t\t\t\t\t\t\t<div class=\"elementor-spacer\">\n\t\t\t<div class=\"elementor-spacer-inner\"><\/div>\n\t\t<\/div>\n\t\t\t\t\t\t<\/div>\n\t\t\t\t<\/div>\n\t\t\t\t<div class=\"elementor-element elementor-element-8f1cb10 elementor-widget elementor-widget-spacer\" data-id=\"8f1cb10\" data-element_type=\"widget\" data-widget_type=\"spacer.default\">\n\t\t\t\t<div class=\"elementor-widget-container\">\n\t\t\t\t\t\t\t<div class=\"elementor-spacer\">\n\t\t\t<div class=\"elementor-spacer-inner\"><\/div>\n\t\t<\/div>\n\t\t\t\t\t\t<\/div>\n\t\t\t\t<\/div>\n\t\t\t\t<div class=\"elementor-element elementor-element-9a3859c elementor-align-right elementor-invisible elementor-widget elementor-widget-button\" data-id=\"9a3859c\" data-element_type=\"widget\" data-settings=\"{&quot;_animation&quot;:&quot;bounceInUp&quot;}\" data-widget_type=\"button.default\">\n\t\t\t\t<div class=\"elementor-widget-container\">\n\t\t\t\t\t\t\t\t\t<div class=\"elementor-button-wrapper\">\n\t\t\t\t\t<a class=\"elementor-button elementor-button-link elementor-size-md\" href=\"https:\/\/kineticsips.com\/\">\n\t\t\t\t\t\t<span class=\"elementor-button-content-wrapper\">\n\t\t\t\t\t\t\t\t\t<span class=\"elementor-button-text\">Volver a la p\u00e1gina de inicio<\/span>\n\t\t\t\t\t<\/span>\n\t\t\t\t\t<\/a>\n\t\t\t\t<\/div>\n\t\t\t\t\t\t\t\t<\/div>\n\t\t\t\t<\/div>\n\t\t\t\t<div class=\"elementor-element elementor-element-48517f5 elementor-widget elementor-widget-image\" data-id=\"48517f5\" data-element_type=\"widget\" data-widget_type=\"image.default\">\n\t\t\t\t<div class=\"elementor-widget-container\">\n\t\t\t\t\t\t\t\t\t\t\t\t\t\t\t<img fetchpriority=\"high\" decoding=\"async\" width=\"1024\" height=\"576\" src=\"https:\/\/kineticsips.com\/wp-content\/uploads\/2025\/03\/\u00bfQuienes-somos-en-KINETICS--1024x576.png\" class=\"attachment-large size-large wp-image-2631\" alt=\"\" srcset=\"https:\/\/kineticsips.com\/wp-content\/uploads\/2025\/03\/\u00bfQuienes-somos-en-KINETICS--1024x576.png 1024w, https:\/\/kineticsips.com\/wp-content\/uploads\/2025\/03\/\u00bfQuienes-somos-en-KINETICS--300x169.png 300w, https:\/\/kineticsips.com\/wp-content\/uploads\/2025\/03\/\u00bfQuienes-somos-en-KINETICS--768x432.png 768w, https:\/\/kineticsips.com\/wp-content\/uploads\/2025\/03\/\u00bfQuienes-somos-en-KINETICS--1536x864.png 1536w, https:\/\/kineticsips.com\/wp-content\/uploads\/2025\/03\/\u00bfQuienes-somos-en-KINETICS-.png 1920w\" sizes=\"(max-width: 1024px) 100vw, 1024px\" \/>\t\t\t\t\t\t\t\t\t\t\t\t\t\t\t<\/div>\n\t\t\t\t<\/div>\n\t\t\t\t\t<\/div>\n\t\t\t\t<\/div>\n\t\t<div class=\"elementor-element elementor-element-37354a3 e-flex e-con-boxed e-con e-parent\" data-id=\"37354a3\" data-element_type=\"container\">\n\t\t\t\t\t<div class=\"e-con-inner\">\n\t\t\t\t<div class=\"elementor-element elementor-element-a87d0d1 elementor-widget elementor-widget-text-editor\" data-id=\"a87d0d1\" data-element_type=\"widget\" data-widget_type=\"text-editor.default\">\n\t\t\t\t<div class=\"elementor-widget-container\">\n\t\t\t\t\t\t\t\t\t<p class=\"\" data-start=\"25\" data-end=\"331\">Kinetics I.P.S. es un servicio de rehabilitaci\u00f3n domiciliaria especializado en ejercicio terap\u00e9utico. Nos enfocamos en brindar atenci\u00f3n personalizada y de alta calidad, combinando innovaci\u00f3n en salud con herramientas tecnol\u00f3gicas avanzadas para optimizar el proceso de recuperaci\u00f3n de nuestros pacientes.<\/p><p class=\"\" data-start=\"333\" data-end=\"634\">Nuestro equipo est\u00e1 conformado por profesionales altamente capacitados, comprometidos con la recuperaci\u00f3n funcional y el bienestar de cada persona. Basamos nuestros tratamientos en evidencia cient\u00edfica y metodolog\u00edas efectivas que garantizan resultados \u00f3ptimos en cada etapa del proceso terap\u00e9utico.\u00a0<span style=\"text-align: var(--text-align); background-color: transparent; color: var(--global-palette3);\">En Kinetics, creemos en la importancia de acercar la rehabilitaci\u00f3n a quienes la necesitan, eliminando barreras de acceso y brindando un servicio integral en la comodidad del hogar.<\/span><\/p>\t\t\t\t\t\t\t\t<\/div>\n\t\t\t\t<\/div>\n\t\t\t\t\t<\/div>\n\t\t\t\t<\/div>\n\t\t<div class=\"elementor-element elementor-element-260f419 e-flex e-con-boxed e-con e-parent\" data-id=\"260f419\" data-element_type=\"container\">\n\t\t\t\t\t<div class=\"e-con-inner\">\n\t\t\t\t\t<\/div>\n\t\t\t\t<\/div>\n\t\t<div class=\"elementor-element elementor-element-c422253 e-flex e-con-boxed e-con e-parent\" data-id=\"c422253\" data-element_type=\"container\">\n\t\t\t\t\t<div class=\"e-con-inner\">\n\t\t\t\t<div class=\"elementor-element elementor-element-6c17a01 elementor-widget elementor-widget-image\" data-id=\"6c17a01\" data-element_type=\"widget\" data-widget_type=\"image.default\">\n\t\t\t\t<div class=\"elementor-widget-container\">\n\t\t\t\t\t\t\t\t\t\t\t\t\t\t\t<img decoding=\"async\" width=\"1024\" height=\"576\" src=\"https:\/\/kineticsips.com\/wp-content\/uploads\/2025\/03\/Equipo-de-Kinetics-1024x576.png\" class=\"attachment-large size-large wp-image-2632\" alt=\"\" srcset=\"https:\/\/kineticsips.com\/wp-content\/uploads\/2025\/03\/Equipo-de-Kinetics-1024x576.png 1024w, https:\/\/kineticsips.com\/wp-content\/uploads\/2025\/03\/Equipo-de-Kinetics-300x169.png 300w, https:\/\/kineticsips.com\/wp-content\/uploads\/2025\/03\/Equipo-de-Kinetics-768x432.png 768w, https:\/\/kineticsips.com\/wp-content\/uploads\/2025\/03\/Equipo-de-Kinetics-1536x864.png 1536w, https:\/\/kineticsips.com\/wp-content\/uploads\/2025\/03\/Equipo-de-Kinetics.png 1920w\" sizes=\"(max-width: 1024px) 100vw, 1024px\" \/>\t\t\t\t\t\t\t\t\t\t\t\t\t\t\t<\/div>\n\t\t\t\t<\/div>\n\t\t\t\t\t<\/div>\n\t\t\t\t<\/div>\n\t\t<div class=\"elementor-element elementor-element-0ee12a0 e-flex e-con-boxed e-con e-parent\" data-id=\"0ee12a0\" data-element_type=\"container\">\n\t\t\t\t\t<div class=\"e-con-inner\">\n\t\t<div class=\"elementor-element elementor-element-1118af7 e-grid e-con-full e-con e-child\" data-id=\"1118af7\" data-element_type=\"container\">\n\t\t\t\t<div class=\"elementor-element elementor-element-8b22dc6 elementor-widget elementor-widget-image\" data-id=\"8b22dc6\" data-element_type=\"widget\" data-widget_type=\"image.default\">\n\t\t\t\t<div class=\"elementor-widget-container\">\n\t\t\t\t\t\t\t\t\t\t\t\t\t\t\t<img decoding=\"async\" width=\"1024\" height=\"1024\" src=\"https:\/\/kineticsips.com\/wp-content\/uploads\/2025\/03\/7-1024x1024.png\" class=\"attachment-large size-large wp-image-2646\" alt=\"\" srcset=\"https:\/\/kineticsips.com\/wp-content\/uploads\/2025\/03\/7-1024x1024.png 1024w, https:\/\/kineticsips.com\/wp-content\/uploads\/2025\/03\/7-300x300.png 300w, https:\/\/kineticsips.com\/wp-content\/uploads\/2025\/03\/7-150x150.png 150w, https:\/\/kineticsips.com\/wp-content\/uploads\/2025\/03\/7-768x768.png 768w, https:\/\/kineticsips.com\/wp-content\/uploads\/2025\/03\/7.png 1080w\" sizes=\"(max-width: 1024px) 100vw, 1024px\" \/>\t\t\t\t\t\t\t\t\t\t\t\t\t\t\t<\/div>\n\t\t\t\t<\/div>\n\t\t\t\t<div class=\"elementor-element elementor-element-a737aa8 elementor-widget elementor-widget-image\" data-id=\"a737aa8\" data-element_type=\"widget\" data-widget_type=\"image.default\">\n\t\t\t\t<div class=\"elementor-widget-container\">\n\t\t\t\t\t\t\t\t\t\t\t\t\t\t\t<img loading=\"lazy\" decoding=\"async\" width=\"1024\" height=\"1024\" src=\"https:\/\/kineticsips.com\/wp-content\/uploads\/2025\/03\/12-1024x1024.png\" class=\"attachment-large size-large wp-image-2634\" alt=\"\" srcset=\"https:\/\/kineticsips.com\/wp-content\/uploads\/2025\/03\/12-1024x1024.png 1024w, https:\/\/kineticsips.com\/wp-content\/uploads\/2025\/03\/12-300x300.png 300w, https:\/\/kineticsips.com\/wp-content\/uploads\/2025\/03\/12-150x150.png 150w, https:\/\/kineticsips.com\/wp-content\/uploads\/2025\/03\/12-768x768.png 768w, https:\/\/kineticsips.com\/wp-content\/uploads\/2025\/03\/12.png 1080w\" sizes=\"(max-width: 1024px) 100vw, 1024px\" \/>\t\t\t\t\t\t\t\t\t\t\t\t\t\t\t<\/div>\n\t\t\t\t<\/div>\n\t\t\t\t<div class=\"elementor-element elementor-element-eba23cc elementor-widget elementor-widget-image\" data-id=\"eba23cc\" data-element_type=\"widget\" data-widget_type=\"image.default\">\n\t\t\t\t<div class=\"elementor-widget-container\">\n\t\t\t\t\t\t\t\t\t\t\t\t\t\t\t<img loading=\"lazy\" decoding=\"async\" width=\"1024\" height=\"1024\" src=\"https:\/\/kineticsips.com\/wp-content\/uploads\/2025\/03\/3-1024x1024.png\" class=\"attachment-large size-large wp-image-2639\" alt=\"\" srcset=\"https:\/\/kineticsips.com\/wp-content\/uploads\/2025\/03\/3-1024x1024.png 1024w, https:\/\/kineticsips.com\/wp-content\/uploads\/2025\/03\/3-300x300.png 300w, https:\/\/kineticsips.com\/wp-content\/uploads\/2025\/03\/3-150x150.png 150w, https:\/\/kineticsips.com\/wp-content\/uploads\/2025\/03\/3-768x768.png 768w, https:\/\/kineticsips.com\/wp-content\/uploads\/2025\/03\/3.png 1080w\" sizes=\"(max-width: 1024px) 100vw, 1024px\" \/>\t\t\t\t\t\t\t\t\t\t\t\t\t\t\t<\/div>\n\t\t\t\t<\/div>\n\t\t\t\t<div class=\"elementor-element elementor-element-f840869 elementor-widget elementor-widget-image\" data-id=\"f840869\" data-element_type=\"widget\" data-widget_type=\"image.default\">\n\t\t\t\t<div class=\"elementor-widget-container\">\n\t\t\t\t\t\t\t\t\t\t\t\t\t\t\t<img loading=\"lazy\" decoding=\"async\" width=\"1024\" height=\"1024\" src=\"https:\/\/kineticsips.com\/wp-content\/uploads\/2025\/03\/14-1024x1024.png\" class=\"attachment-large size-large wp-image-2636\" alt=\"\" srcset=\"https:\/\/kineticsips.com\/wp-content\/uploads\/2025\/03\/14-1024x1024.png 1024w, https:\/\/kineticsips.com\/wp-content\/uploads\/2025\/03\/14-300x300.png 300w, https:\/\/kineticsips.com\/wp-content\/uploads\/2025\/03\/14-150x150.png 150w, https:\/\/kineticsips.com\/wp-content\/uploads\/2025\/03\/14-768x768.png 768w, https:\/\/kineticsips.com\/wp-content\/uploads\/2025\/03\/14.png 1080w\" sizes=\"(max-width: 1024px) 100vw, 1024px\" \/>\t\t\t\t\t\t\t\t\t\t\t\t\t\t\t<\/div>\n\t\t\t\t<\/div>\n\t\t\t\t<div class=\"elementor-element elementor-element-f68c22a elementor-widget elementor-widget-image\" data-id=\"f68c22a\" data-element_type=\"widget\" data-widget_type=\"image.default\">\n\t\t\t\t<div class=\"elementor-widget-container\">\n\t\t\t\t\t\t\t\t\t\t\t\t\t\t\t<img loading=\"lazy\" decoding=\"async\" width=\"1024\" height=\"1024\" src=\"https:\/\/kineticsips.com\/wp-content\/uploads\/2025\/03\/6-1024x1024.png\" class=\"attachment-large size-large wp-image-2644\" alt=\"\" srcset=\"https:\/\/kineticsips.com\/wp-content\/uploads\/2025\/03\/6-1024x1024.png 1024w, https:\/\/kineticsips.com\/wp-content\/uploads\/2025\/03\/6-300x300.png 300w, https:\/\/kineticsips.com\/wp-content\/uploads\/2025\/03\/6-150x150.png 150w, https:\/\/kineticsips.com\/wp-content\/uploads\/2025\/03\/6-768x768.png 768w, https:\/\/kineticsips.com\/wp-content\/uploads\/2025\/03\/6.png 1080w\" sizes=\"(max-width: 1024px) 100vw, 1024px\" \/>\t\t\t\t\t\t\t\t\t\t\t\t\t\t\t<\/div>\n\t\t\t\t<\/div>\n\t\t\t\t<div class=\"elementor-element elementor-element-7aa56f1 elementor-widget elementor-widget-image\" data-id=\"7aa56f1\" data-element_type=\"widget\" data-widget_type=\"image.default\">\n\t\t\t\t<div class=\"elementor-widget-container\">\n\t\t\t\t\t\t\t\t\t\t\t\t\t\t\t<img loading=\"lazy\" decoding=\"async\" width=\"1024\" height=\"1024\" src=\"https:\/\/kineticsips.com\/wp-content\/uploads\/2025\/03\/4-1024x1024.png\" class=\"attachment-large size-large wp-image-2642\" alt=\"\" srcset=\"https:\/\/kineticsips.com\/wp-content\/uploads\/2025\/03\/4-1024x1024.png 1024w, https:\/\/kineticsips.com\/wp-content\/uploads\/2025\/03\/4-300x300.png 300w, https:\/\/kineticsips.com\/wp-content\/uploads\/2025\/03\/4-150x150.png 150w, https:\/\/kineticsips.com\/wp-content\/uploads\/2025\/03\/4-768x768.png 768w, https:\/\/kineticsips.com\/wp-content\/uploads\/2025\/03\/4.png 1080w\" sizes=\"(max-width: 1024px) 100vw, 1024px\" \/>\t\t\t\t\t\t\t\t\t\t\t\t\t\t\t<\/div>\n\t\t\t\t<\/div>\n\t\t\t\t<div class=\"elementor-element elementor-element-f5fbd11 elementor-widget elementor-widget-image\" data-id=\"f5fbd11\" data-element_type=\"widget\" data-widget_type=\"image.default\">\n\t\t\t\t<div class=\"elementor-widget-container\">\n\t\t\t\t\t\t\t\t\t\t\t\t\t\t\t<img loading=\"lazy\" decoding=\"async\" width=\"1024\" height=\"1024\" src=\"https:\/\/kineticsips.com\/wp-content\/uploads\/2025\/03\/5-1024x1024.png\" class=\"attachment-large size-large wp-image-2643\" alt=\"\" srcset=\"https:\/\/kineticsips.com\/wp-content\/uploads\/2025\/03\/5-1024x1024.png 1024w, https:\/\/kineticsips.com\/wp-content\/uploads\/2025\/03\/5-300x300.png 300w, https:\/\/kineticsips.com\/wp-content\/uploads\/2025\/03\/5-150x150.png 150w, https:\/\/kineticsips.com\/wp-content\/uploads\/2025\/03\/5-768x768.png 768w, https:\/\/kineticsips.com\/wp-content\/uploads\/2025\/03\/5.png 1080w\" sizes=\"(max-width: 1024px) 100vw, 1024px\" \/>\t\t\t\t\t\t\t\t\t\t\t\t\t\t\t<\/div>\n\t\t\t\t<\/div>\n\t\t\t\t<div class=\"elementor-element elementor-element-9456557 elementor-widget elementor-widget-image\" data-id=\"9456557\" data-element_type=\"widget\" data-widget_type=\"image.default\">\n\t\t\t\t<div class=\"elementor-widget-container\">\n\t\t\t\t\t\t\t\t\t\t\t\t\t\t\t<img loading=\"lazy\" decoding=\"async\" width=\"1024\" height=\"1024\" src=\"https:\/\/kineticsips.com\/wp-content\/uploads\/2025\/03\/13-1024x1024.png\" class=\"attachment-large size-large wp-image-2635\" alt=\"\" srcset=\"https:\/\/kineticsips.com\/wp-content\/uploads\/2025\/03\/13-1024x1024.png 1024w, https:\/\/kineticsips.com\/wp-content\/uploads\/2025\/03\/13-300x300.png 300w, https:\/\/kineticsips.com\/wp-content\/uploads\/2025\/03\/13-150x150.png 150w, https:\/\/kineticsips.com\/wp-content\/uploads\/2025\/03\/13-768x768.png 768w, https:\/\/kineticsips.com\/wp-content\/uploads\/2025\/03\/13.png 1080w\" sizes=\"(max-width: 1024px) 100vw, 1024px\" \/>\t\t\t\t\t\t\t\t\t\t\t\t\t\t\t<\/div>\n\t\t\t\t<\/div>\n\t\t\t\t<div class=\"elementor-element elementor-element-07e4237 elementor-widget elementor-widget-image\" data-id=\"07e4237\" data-element_type=\"widget\" data-widget_type=\"image.default\">\n\t\t\t\t<div class=\"elementor-widget-container\">\n\t\t\t\t\t\t\t\t\t\t\t\t\t\t\t<img loading=\"lazy\" decoding=\"async\" width=\"499\" height=\"499\" src=\"https:\/\/kineticsips.com\/wp-content\/uploads\/2024\/01\/cropped-Logotipo-500x500-px-1-1.png\" class=\"attachment-large size-large wp-image-2405\" alt=\"\" srcset=\"https:\/\/kineticsips.com\/wp-content\/uploads\/2024\/01\/cropped-Logotipo-500x500-px-1-1.png 499w, https:\/\/kineticsips.com\/wp-content\/uploads\/2024\/01\/cropped-Logotipo-500x500-px-1-1-300x300.png 300w, https:\/\/kineticsips.com\/wp-content\/uploads\/2024\/01\/cropped-Logotipo-500x500-px-1-1-150x150.png 150w\" sizes=\"(max-width: 499px) 100vw, 499px\" \/>\t\t\t\t\t\t\t\t\t\t\t\t\t\t\t<\/div>\n\t\t\t\t<\/div>\n\t\t\t\t<\/div>\n\t\t\t\t\t<\/div>\n\t\t\t\t<\/div>\n\t\t\t\t<\/div>\n\t\t","protected":false},"excerpt":{"rendered":"<p>Volver a la p\u00e1gina de inicio Kinetics I.P.S. es un servicio de rehabilitaci\u00f3n domiciliaria especializado en ejercicio terap\u00e9utico. Nos enfocamos en brindar atenci\u00f3n personalizada y de alta calidad, combinando innovaci\u00f3n en salud con herramientas tecnol\u00f3gicas avanzadas para optimizar el proceso de recuperaci\u00f3n de nuestros pacientes. Nuestro equipo est\u00e1 conformado por profesionales altamente capacitados, comprometidos con&#8230;<\/p>\n","protected":false},"author":1,"featured_media":0,"parent":0,"menu_order":0,"comment_status":"closed","ping_status":"closed","template":"","meta":{"_kadence_starter_templates_imported_post":false,"_kad_post_transparent":"","_kad_post_title":"hide","_kad_post_layout":"fullwidth","_kad_post_sidebar_id":"","_kad_post_content_style":"unboxed","_kad_post_vertical_padding":"hide","_kad_post_feature":"hide","_kad_post_feature_position":"","_kad_post_header":false,"_kad_post_footer":false,"footnotes":""},"_links":{"self":[{"href":"https:\/\/kineticsips.com\/index.php\/wp-json\/wp\/v2\/pages\/2629"}],"collection":[{"href":"https:\/\/kineticsips.com\/index.php\/wp-json\/wp\/v2\/pages"}],"about":[{"href":"https:\/\/kineticsips.com\/index.php\/wp-json\/wp\/v2\/types\/page"}],"author":[{"embeddable":true,"href":"https:\/\/kineticsips.com\/index.php\/wp-json\/wp\/v2\/users\/1"}],"replies":[{"embeddable":true,"href":"https:\/\/kineticsips.com\/index.php\/wp-json\/wp\/v2\/comments?post=2629"}],"version-history":[{"count":26,"href":"https:\/\/kineticsips.com\/index.php\/wp-json\/wp\/v2\/pages\/2629\/revisions"}],"predecessor-version":[{"id":2760,"href":"https:\/\/kineticsips.com\/index.php\/wp-json\/wp\/v2\/pages\/2629\/revisions\/2760"}],"wp:attachment":[{"href":"https:\/\/kineticsips.com\/index.php\/wp-json\/wp\/v2\/media?parent=2629"}],"curies":[{"name":"wp","href":"https:\/\/api.w.org\/{rel}","templated":true}]}}