{"id":2712,"date":"2025-03-27T19:48:58","date_gmt":"2025-03-27T19:48:58","guid":{"rendered":"https:\/\/kineticsips.com\/?page_id=2712"},"modified":"2025-03-27T21:41:22","modified_gmt":"2025-03-27T21:41:22","slug":"vrkinetics","status":"publish","type":"page","link":"https:\/\/kineticsips.com\/index.php\/vrkinetics\/","title":{"rendered":"Realidad virtual en Kinetics"},"content":{"rendered":"\t\t<div data-elementor-type=\"wp-page\" data-elementor-id=\"2712\" class=\"elementor elementor-2712\">\n\t\t\t\t<div class=\"elementor-element elementor-element-f4e330b e-flex e-con-boxed e-con e-parent\" data-id=\"f4e330b\" data-element_type=\"container\">\n\t\t\t\t\t<div class=\"e-con-inner\">\n\t\t\t\t\t<\/div>\n\t\t\t\t<\/div>\n\t\t<div class=\"elementor-element elementor-element-a1c22d3 e-flex e-con-boxed e-con e-parent\" data-id=\"a1c22d3\" data-element_type=\"container\">\n\t\t\t\t\t<div class=\"e-con-inner\">\n\t\t\t\t<div class=\"elementor-element elementor-element-adeaed5 elementor-widget elementor-widget-spacer\" data-id=\"adeaed5\" data-element_type=\"widget\" data-widget_type=\"spacer.default\">\n\t\t\t\t<div class=\"elementor-widget-container\">\n\t\t\t\t\t\t\t<div class=\"elementor-spacer\">\n\t\t\t<div class=\"elementor-spacer-inner\"><\/div>\n\t\t<\/div>\n\t\t\t\t\t\t<\/div>\n\t\t\t\t<\/div>\n\t\t\t\t<div class=\"elementor-element elementor-element-a733537 elementor-widget elementor-widget-spacer\" data-id=\"a733537\" data-element_type=\"widget\" data-widget_type=\"spacer.default\">\n\t\t\t\t<div class=\"elementor-widget-container\">\n\t\t\t\t\t\t\t<div class=\"elementor-spacer\">\n\t\t\t<div class=\"elementor-spacer-inner\"><\/div>\n\t\t<\/div>\n\t\t\t\t\t\t<\/div>\n\t\t\t\t<\/div>\n\t\t\t\t<div class=\"elementor-element elementor-element-3bb3556 elementor-align-right elementor-invisible elementor-widget elementor-widget-button\" data-id=\"3bb3556\" data-element_type=\"widget\" data-settings=\"{&quot;_animation&quot;:&quot;bounceInUp&quot;}\" data-widget_type=\"button.default\">\n\t\t\t\t<div class=\"elementor-widget-container\">\n\t\t\t\t\t\t\t\t\t<div class=\"elementor-button-wrapper\">\n\t\t\t\t\t<a class=\"elementor-button elementor-button-link elementor-size-md\" href=\"https:\/\/kineticsips.com\/\">\n\t\t\t\t\t\t<span class=\"elementor-button-content-wrapper\">\n\t\t\t\t\t\t\t\t\t<span class=\"elementor-button-text\">Volver a la p\u00e1gina de inicio<\/span>\n\t\t\t\t\t<\/span>\n\t\t\t\t\t<\/a>\n\t\t\t\t<\/div>\n\t\t\t\t\t\t\t\t<\/div>\n\t\t\t\t<\/div>\n\t\t\t\t<div class=\"elementor-element elementor-element-ab85deb elementor-widget elementor-widget-image\" data-id=\"ab85deb\" data-element_type=\"widget\" data-widget_type=\"image.default\">\n\t\t\t\t<div class=\"elementor-widget-container\">\n\t\t\t\t\t\t\t\t\t\t\t\t\t\t\t<img fetchpriority=\"high\" decoding=\"async\" width=\"1024\" height=\"576\" src=\"https:\/\/kineticsips.com\/wp-content\/uploads\/2025\/03\/REALIDAD-VIRTUAL-KINETICS-FISIOTERAPIA-1024x576.png\" class=\"attachment-large size-large wp-image-2714\" alt=\"\" srcset=\"https:\/\/kineticsips.com\/wp-content\/uploads\/2025\/03\/REALIDAD-VIRTUAL-KINETICS-FISIOTERAPIA-1024x576.png 1024w, https:\/\/kineticsips.com\/wp-content\/uploads\/2025\/03\/REALIDAD-VIRTUAL-KINETICS-FISIOTERAPIA-300x169.png 300w, https:\/\/kineticsips.com\/wp-content\/uploads\/2025\/03\/REALIDAD-VIRTUAL-KINETICS-FISIOTERAPIA-768x432.png 768w, https:\/\/kineticsips.com\/wp-content\/uploads\/2025\/03\/REALIDAD-VIRTUAL-KINETICS-FISIOTERAPIA-1536x864.png 1536w, https:\/\/kineticsips.com\/wp-content\/uploads\/2025\/03\/REALIDAD-VIRTUAL-KINETICS-FISIOTERAPIA.png 1920w\" sizes=\"(max-width: 1024px) 100vw, 1024px\" \/>\t\t\t\t\t\t\t\t\t\t\t\t\t\t\t<\/div>\n\t\t\t\t<\/div>\n\t\t\t\t<div class=\"elementor-element elementor-element-76f69cd elementor-widget elementor-widget-text-editor\" data-id=\"76f69cd\" data-element_type=\"widget\" data-widget_type=\"text-editor.default\">\n\t\t\t\t<div class=\"elementor-widget-container\">\n\t\t\t\t\t\t\t\t\t<p class=\"\" data-start=\"73\" data-end=\"432\">En Kinetics, combinamos la innovaci\u00f3n tecnol\u00f3gica con la rehabilitaci\u00f3n para ofrecer un servicio de realidad virtual (VR) dise\u00f1ado para optimizar la recuperaci\u00f3n de nuestros pacientes. Nuestra tecnolog\u00eda permite una experiencia inmersiva y personalizada, en la que los usuarios pueden realizar ejercicios terap\u00e9uticos en entornos interactivos y controlados.<\/p><p class=\"\" data-start=\"434\" data-end=\"1151\"><strong data-start=\"434\" data-end=\"496\">Beneficios de nuestra rehabilitaci\u00f3n con realidad virtual:<\/strong><br data-start=\"496\" data-end=\"499\" \/>\u2705 <strong data-start=\"501\" data-end=\"534\">Mayor motivaci\u00f3n y adherencia<\/strong>: Los ejercicios en VR convierten la rehabilitaci\u00f3n en una experiencia m\u00e1s din\u00e1mica y atractiva.<br data-start=\"630\" data-end=\"633\" \/>\u2705 <strong data-start=\"635\" data-end=\"676\">Entrenamiento en entornos controlados<\/strong>: Simulaciones seguras que permiten trabajar movilidad, fuerza y coordinaci\u00f3n sin riesgos adicionales.<br data-start=\"778\" data-end=\"781\" \/>\u2705 <strong data-start=\"783\" data-end=\"810\">Feedback en tiempo real<\/strong>: Evaluaci\u00f3n instant\u00e1nea de movimientos para corregir la t\u00e9cnica y mejorar la progresi\u00f3n.<br data-start=\"899\" data-end=\"902\" \/>\u2705 <strong data-start=\"904\" data-end=\"939\">Personalizaci\u00f3n del tratamiento<\/strong>: Adaptamos los ejercicios a la condici\u00f3n de cada paciente, asegurando un proceso terap\u00e9utico \u00f3ptimo.<br data-start=\"1040\" data-end=\"1043\" \/>\u2705 <strong data-start=\"1045\" data-end=\"1074\">Accesibilidad y comodidad<\/strong>: Posibilidad de realizar terapias desde casa bajo supervisi\u00f3n profesional.<\/p><p class=\"\" data-start=\"1153\" data-end=\"1358\">Nuestro servicio de realidad virtual est\u00e1 indicado para pacientes con afecciones musculoesquel\u00e9ticas, neurol\u00f3gicas y postoperatorias, brindando una alternativa innovadora y efectiva para su recuperaci\u00f3n.<\/p><p>\u00a0<\/p><p class=\"\" data-start=\"1360\" data-end=\"1456\">\ud83d\udcc5 <strong data-start=\"1363\" data-end=\"1454\">Agenda tu sesi\u00f3n y descubre c\u00f3mo la realidad virtual puede potenciar tu rehabilitaci\u00f3n!<\/strong><\/p>\t\t\t\t\t\t\t\t<\/div>\n\t\t\t\t<\/div>\n\t\t\t\t\t<\/div>\n\t\t\t\t<\/div>\n\t\t<div class=\"elementor-element elementor-element-8eed7b6 e-flex e-con-boxed e-con e-parent\" data-id=\"8eed7b6\" data-element_type=\"container\">\n\t\t\t\t\t<div class=\"e-con-inner\">\n\t\t\t\t<div class=\"elementor-element elementor-element-49100e7 elementor-widget elementor-widget-spacer\" data-id=\"49100e7\" data-element_type=\"widget\" data-widget_type=\"spacer.default\">\n\t\t\t\t<div class=\"elementor-widget-container\">\n\t\t\t\t\t\t\t<div class=\"elementor-spacer\">\n\t\t\t<div class=\"elementor-spacer-inner\"><\/div>\n\t\t<\/div>\n\t\t\t\t\t\t<\/div>\n\t\t\t\t<\/div>\n\t\t\t\t<div class=\"elementor-element elementor-element-c8e1b93 elementor-widget elementor-widget-video\" data-id=\"c8e1b93\" data-element_type=\"widget\" data-settings=\"{&quot;video_type&quot;:&quot;hosted&quot;,&quot;autoplay&quot;:&quot;yes&quot;,&quot;loop&quot;:&quot;yes&quot;,&quot;controls&quot;:&quot;yes&quot;}\" data-widget_type=\"video.default\">\n\t\t\t\t<div class=\"elementor-widget-container\">\n\t\t\t\t\t\t\t<div class=\"e-hosted-video elementor-wrapper elementor-open-inline\">\n\t\t\t\t\t<video class=\"elementor-video\" src=\"http:\/\/kineticsips.com\/wp-content\/uploads\/2025\/03\/REALIDAD-VIRTUAL-KINETICS.mp4\" autoplay=\"\" loop=\"\" controls=\"\" controlsList=\"nodownload\"><\/video>\n\t\t\t\t<\/div>\n\t\t\t\t\t\t<\/div>\n\t\t\t\t<\/div>\n\t\t\t\t<div class=\"elementor-element elementor-element-2025c33 elementor-widget elementor-widget-spacer\" data-id=\"2025c33\" data-element_type=\"widget\" data-widget_type=\"spacer.default\">\n\t\t\t\t<div class=\"elementor-widget-container\">\n\t\t\t\t\t\t\t<div class=\"elementor-spacer\">\n\t\t\t<div class=\"elementor-spacer-inner\"><\/div>\n\t\t<\/div>\n\t\t\t\t\t\t<\/div>\n\t\t\t\t<\/div>\n\t\t\t\t\t<\/div>\n\t\t\t\t<\/div>\n\t\t\t\t<\/div>\n\t\t","protected":false},"excerpt":{"rendered":"<p>Volver a la p\u00e1gina de inicio En Kinetics, combinamos la innovaci\u00f3n tecnol\u00f3gica con la rehabilitaci\u00f3n para ofrecer un servicio de realidad virtual (VR) dise\u00f1ado para optimizar la recuperaci\u00f3n de nuestros pacientes. Nuestra tecnolog\u00eda permite una experiencia inmersiva y personalizada, en la que los usuarios pueden realizar ejercicios terap\u00e9uticos en entornos interactivos y controlados. Beneficios de&#8230;<\/p>\n","protected":false},"author":1,"featured_media":0,"parent":0,"menu_order":0,"comment_status":"closed","ping_status":"closed","template":"","meta":{"_kadence_starter_templates_imported_post":false,"_kad_post_transparent":"","_kad_post_title":"hide","_kad_post_layout":"fullwidth","_kad_post_sidebar_id":"","_kad_post_content_style":"unboxed","_kad_post_vertical_padding":"hide","_kad_post_feature":"hide","_kad_post_feature_position":"","_kad_post_header":false,"_kad_post_footer":false,"footnotes":""},"_links":{"self":[{"href":"https:\/\/kineticsips.com\/index.php\/wp-json\/wp\/v2\/pages\/2712"}],"collection":[{"href":"https:\/\/kineticsips.com\/index.php\/wp-json\/wp\/v2\/pages"}],"about":[{"href":"https:\/\/kineticsips.com\/index.php\/wp-json\/wp\/v2\/types\/page"}],"author":[{"embeddable":true,"href":"https:\/\/kineticsips.com\/index.php\/wp-json\/wp\/v2\/users\/1"}],"replies":[{"embeddable":true,"href":"https:\/\/kineticsips.com\/index.php\/wp-json\/wp\/v2\/comments?post=2712"}],"version-history":[{"count":11,"href":"https:\/\/kineticsips.com\/index.php\/wp-json\/wp\/v2\/pages\/2712\/revisions"}],"predecessor-version":[{"id":2764,"href":"https:\/\/kineticsips.com\/index.php\/wp-json\/wp\/v2\/pages\/2712\/revisions\/2764"}],"wp:attachment":[{"href":"https:\/\/kineticsips.com\/index.php\/wp-json\/wp\/v2\/media?parent=2712"}],"curies":[{"name":"wp","href":"https:\/\/api.w.org\/{rel}","templated":true}]}}